{"id":990377,"date":"2025-08-11T15:11:50","date_gmt":"2025-08-11T18:11:50","guid":{"rendered":"https:\/\/pais.edu.py\/site\/?page_id=990377"},"modified":"2025-08-12T08:25:33","modified_gmt":"2025-08-12T12:25:33","slug":"alumni","status":"publish","type":"page","link":"https:\/\/pais.edu.py\/es\/alumni\/","title":{"rendered":"EX ALUMNOS"},"content":{"rendered":"<div data-elementor-type=\"wp-page\" data-elementor-id=\"990377\" class=\"elementor elementor-990377\" data-elementor-post-type=\"page\">\n\t\t\t\t\t\t\t\t\t<section class=\"elementor-section elementor-top-section elementor-element elementor-element-e9fe725 elementor-section-content-bottom elementor-section-height-min-height elementor-section-items-stretch elementor-section-boxed elementor-section-height-default\" data-id=\"e9fe725\" data-element_type=\"section\" data-settings=\"{&quot;background_background&quot;:&quot;gradient&quot;,&quot;animation&quot;:&quot;none&quot;}\">\n\t\t\t\t\t\t\t<div class=\"elementor-background-overlay\"><\/div>\n\t\t\t\t\t\t\t<div class=\"elementor-container elementor-column-gap-default\">\n\t\t\t\t\t<div class=\"elementor-column elementor-col-100 elementor-top-column elementor-element elementor-element-f3ab3cd\" data-id=\"f3ab3cd\" data-element_type=\"column\">\n\t\t\t<div class=\"elementor-widget-wrap elementor-element-populated\">\n\t\t\t\t\t\t\t\t\t<\/div>\n\t\t<\/div>\n\t\t\t\t\t\t\t<\/div>\n\t\t<\/section>\n\t\t\t\t<section class=\"elementor-section elementor-top-section elementor-element elementor-element-859dfc8 elementor-section-boxed elementor-section-height-default elementor-section-height-default\" data-id=\"859dfc8\" data-element_type=\"section\">\n\t\t\t\t\t\t<div class=\"elementor-container elementor-column-gap-default\">\n\t\t\t\t\t<div class=\"elementor-column elementor-col-100 elementor-top-column elementor-element elementor-element-cf083aa\" data-id=\"cf083aa\" data-element_type=\"column\">\n\t\t\t<div class=\"elementor-widget-wrap elementor-element-populated\">\n\t\t\t\t\t\t\t\t<div class=\"elementor-element elementor-element-747db0c elementor-grid-3 elementor-grid-tablet-2 elementor-grid-mobile-1 elementor-posts--thumbnail-top elementor-widget elementor-widget-posts\" data-id=\"747db0c\" data-element_type=\"widget\" data-settings=\"{&quot;classic_columns&quot;:&quot;3&quot;,&quot;classic_columns_tablet&quot;:&quot;2&quot;,&quot;classic_columns_mobile&quot;:&quot;1&quot;,&quot;classic_row_gap&quot;:{&quot;unit&quot;:&quot;px&quot;,&quot;size&quot;:35,&quot;sizes&quot;:[]},&quot;classic_row_gap_tablet&quot;:{&quot;unit&quot;:&quot;px&quot;,&quot;size&quot;:&quot;&quot;,&quot;sizes&quot;:[]},&quot;classic_row_gap_mobile&quot;:{&quot;unit&quot;:&quot;px&quot;,&quot;size&quot;:&quot;&quot;,&quot;sizes&quot;:[]}}\" data-widget_type=\"posts.classic\">\n\t\t\t\t<div class=\"elementor-widget-container\">\n\t\t\t<link rel=\"stylesheet\" href=\"https:\/\/pais.edu.py\/wp-content\/plugins\/pro-elements\/assets\/css\/widget-posts.min.css\">\t\t<div class=\"elementor-posts-container elementor-posts elementor-posts--skin-classic elementor-grid\">\n\t\t\t\t<article class=\"elementor-post elementor-grid-item post-990484 post type-post status-publish format-standard has-post-thumbnail hentry category-alumni\">\n\t\t\t\t<a class=\"elementor-post__thumbnail__link\" href=\"https:\/\/pais.edu.py\/es\/alumni-glauber-sena-wendler-de-lima\/\" >\n\t\t\t<div class=\"elementor-post__thumbnail\"><div class=\"vamtam-shape\"><\/div><img loading=\"lazy\" decoding=\"async\" width=\"768\" height=\"1152\" src=\"https:\/\/pais.edu.py\/wp-content\/uploads\/2025\/08\/GLAUBER-768x1152.jpeg\" class=\"attachment-medium_large size-medium_large wp-image-990486\" alt=\"\" srcset=\"https:\/\/pais.edu.py\/wp-content\/uploads\/2025\/08\/GLAUBER-768x1152.jpeg 768w, https:\/\/pais.edu.py\/wp-content\/uploads\/2025\/08\/GLAUBER-200x300.jpeg 200w, https:\/\/pais.edu.py\/wp-content\/uploads\/2025\/08\/GLAUBER-682x1024.jpeg 682w, https:\/\/pais.edu.py\/wp-content\/uploads\/2025\/08\/GLAUBER.jpeg 853w\" sizes=\"auto, (max-width: 768px) 100vw, 768px\" \/><\/div>\n\t\t<\/a>\n\t\t\t\t<div class=\"elementor-post__text\">\n\t\t\t\t<h3 class=\"elementor-post__title\">\n\t\t\t<a href=\"https:\/\/pais.edu.py\/es\/alumni-glauber-sena-wendler-de-lima\/\" >\n\t\t\t\tAlumni Glauber Sena Wendler De Lima\t\t\t<\/a>\n\t\t<\/h3>\n\t\t\t\t<div class=\"elementor-post__excerpt\">\n\t\t\t<p>Fundador y Director General de Academia Regenerativa \u2013 Asesor en Ganader\u00eda y Agricultura Regenerativa, especializado en Pastoreo Ultradenso Adaptativo y manejo sostenible de recursos.<\/p>\n\t\t<\/div>\n\t\t\n\t\t<a class=\"elementor-post__read-more\" href=\"https:\/\/pais.edu.py\/es\/alumni-glauber-sena-wendler-de-lima\/\" aria-label=\"M\u00e1s informaci\u00f3n sobre Alumni Glauber Sena Wendler De Lima\" >\n\t\t\tRead More \u00bb\t\t<\/a>\n\n\t\t\t\t<\/div>\n\t\t\t\t<\/article>\n\t\t\t\t<article class=\"elementor-post elementor-grid-item post-990466 post type-post status-publish format-standard has-post-thumbnail hentry category-alumni\">\n\t\t\t\t<a class=\"elementor-post__thumbnail__link\" href=\"https:\/\/pais.edu.py\/es\/alumni-eunji-kim\/\" >\n\t\t\t<div class=\"elementor-post__thumbnail\"><div class=\"vamtam-shape\"><\/div><img loading=\"lazy\" decoding=\"async\" width=\"768\" height=\"1152\" src=\"https:\/\/pais.edu.py\/wp-content\/uploads\/2025\/08\/Kim-Eunji-768x1152.jpg\" class=\"attachment-medium_large size-medium_large wp-image-990468\" alt=\"\" srcset=\"https:\/\/pais.edu.py\/wp-content\/uploads\/2025\/08\/Kim-Eunji-768x1152.jpg 768w, https:\/\/pais.edu.py\/wp-content\/uploads\/2025\/08\/Kim-Eunji-200x300.jpg 200w, https:\/\/pais.edu.py\/wp-content\/uploads\/2025\/08\/Kim-Eunji-683x1024.jpg 683w, https:\/\/pais.edu.py\/wp-content\/uploads\/2025\/08\/Kim-Eunji-1024x1536.jpg 1024w, https:\/\/pais.edu.py\/wp-content\/uploads\/2025\/08\/Kim-Eunji-1365x2048.jpg 1365w, https:\/\/pais.edu.py\/wp-content\/uploads\/2025\/08\/Kim-Eunji-scaled.jpg 1706w\" sizes=\"auto, (max-width: 768px) 100vw, 768px\" \/><\/div>\n\t\t<\/a>\n\t\t\t\t<div class=\"elementor-post__text\">\n\t\t\t\t<h3 class=\"elementor-post__title\">\n\t\t\t<a href=\"https:\/\/pais.edu.py\/es\/alumni-eunji-kim\/\" >\n\t\t\t\tAlumni EUNJI KIM\t\t\t<\/a>\n\t\t<\/h3>\n\t\t\t\t<div class=\"elementor-post__excerpt\">\n\t\t\t<p>Fundador y Director General de Academia Regenerativa \u2013 Asesor en Ganader\u00eda y Agricultura Regenerativa, especializado en Pastoreo Ultradenso Adaptativo y manejo sostenible de recursos.<\/p>\n\t\t<\/div>\n\t\t\n\t\t<a class=\"elementor-post__read-more\" href=\"https:\/\/pais.edu.py\/es\/alumni-eunji-kim\/\" aria-label=\"M\u00e1s informaci\u00f3n sobre Alumni EUNJI KIM\" >\n\t\t\tRead More \u00bb\t\t<\/a>\n\n\t\t\t\t<\/div>\n\t\t\t\t<\/article>\n\t\t\t\t<article class=\"elementor-post elementor-grid-item post-990461 post type-post status-publish format-standard has-post-thumbnail hentry category-alumni\">\n\t\t\t\t<a class=\"elementor-post__thumbnail__link\" href=\"https:\/\/pais.edu.py\/es\/alumni-violeta-maria-baez-martinez\/\" >\n\t\t\t<div class=\"elementor-post__thumbnail\"><div class=\"vamtam-shape\"><\/div><img loading=\"lazy\" decoding=\"async\" width=\"768\" height=\"1365\" src=\"https:\/\/pais.edu.py\/wp-content\/uploads\/2025\/08\/VIOLETA-BAEZ-SY-2024-768x1365.jpeg\" class=\"attachment-medium_large size-medium_large wp-image-990369\" alt=\"\" srcset=\"https:\/\/pais.edu.py\/wp-content\/uploads\/2025\/08\/VIOLETA-BAEZ-SY-2024-768x1365.jpeg 768w, https:\/\/pais.edu.py\/wp-content\/uploads\/2025\/08\/VIOLETA-BAEZ-SY-2024-169x300.jpeg 169w, https:\/\/pais.edu.py\/wp-content\/uploads\/2025\/08\/VIOLETA-BAEZ-SY-2024-576x1024.jpeg 576w, https:\/\/pais.edu.py\/wp-content\/uploads\/2025\/08\/VIOLETA-BAEZ-SY-2024-864x1536.jpeg 864w, https:\/\/pais.edu.py\/wp-content\/uploads\/2025\/08\/VIOLETA-BAEZ-SY-2024-1152x2048.jpeg 1152w, https:\/\/pais.edu.py\/wp-content\/uploads\/2025\/08\/VIOLETA-BAEZ-SY-2024.jpeg 1284w\" sizes=\"auto, (max-width: 768px) 100vw, 768px\" \/><\/div>\n\t\t<\/a>\n\t\t\t\t<div class=\"elementor-post__text\">\n\t\t\t\t<h3 class=\"elementor-post__title\">\n\t\t\t<a href=\"https:\/\/pais.edu.py\/es\/alumni-violeta-maria-baez-martinez\/\" >\n\t\t\t\tAlumni Violeta Mar\u00eda B\u00e1ez Mart\u00ednez\t\t\t<\/a>\n\t\t<\/h3>\n\t\t\t\t<div class=\"elementor-post__excerpt\">\n\t\t\t<p>Fundador y Director General de Academia Regenerativa \u2013 Asesor en Ganader\u00eda y Agricultura Regenerativa, especializado en Pastoreo Ultradenso Adaptativo y manejo sostenible de recursos.<\/p>\n\t\t<\/div>\n\t\t\n\t\t<a class=\"elementor-post__read-more\" href=\"https:\/\/pais.edu.py\/es\/alumni-violeta-maria-baez-martinez\/\" aria-label=\"M\u00e1s informaci\u00f3n sobre Alumni Violeta Mar\u00eda B\u00e1ez Mart\u00ednez\" >\n\t\t\tRead More \u00bb\t\t<\/a>\n\n\t\t\t\t<\/div>\n\t\t\t\t<\/article>\n\t\t\t\t<article class=\"elementor-post elementor-grid-item post-990453 post type-post status-publish format-standard has-post-thumbnail hentry category-alumni\">\n\t\t\t\t<a class=\"elementor-post__thumbnail__link\" href=\"https:\/\/pais.edu.py\/es\/alumni-natalia-makucheff\/\" >\n\t\t\t<div class=\"elementor-post__thumbnail\"><div class=\"vamtam-shape\"><\/div><img loading=\"lazy\" decoding=\"async\" width=\"768\" height=\"768\" src=\"https:\/\/pais.edu.py\/wp-content\/uploads\/2025\/08\/Fabrizio-Castorino-SY-2008-768x768.jpeg\" class=\"attachment-medium_large size-medium_large wp-image-990396\" alt=\"\" srcset=\"https:\/\/pais.edu.py\/wp-content\/uploads\/2025\/08\/Fabrizio-Castorino-SY-2008-768x768.jpeg 768w, https:\/\/pais.edu.py\/wp-content\/uploads\/2025\/08\/Fabrizio-Castorino-SY-2008-300x300.jpeg 300w, https:\/\/pais.edu.py\/wp-content\/uploads\/2025\/08\/Fabrizio-Castorino-SY-2008-1024x1024.jpeg 1024w, https:\/\/pais.edu.py\/wp-content\/uploads\/2025\/08\/Fabrizio-Castorino-SY-2008-150x150.jpeg 150w, https:\/\/pais.edu.py\/wp-content\/uploads\/2025\/08\/Fabrizio-Castorino-SY-2008-1536x1536.jpeg 1536w, https:\/\/pais.edu.py\/wp-content\/uploads\/2025\/08\/Fabrizio-Castorino-SY-2008.jpeg 1600w\" sizes=\"auto, (max-width: 768px) 100vw, 768px\" \/><\/div>\n\t\t<\/a>\n\t\t\t\t<div class=\"elementor-post__text\">\n\t\t\t\t<h3 class=\"elementor-post__title\">\n\t\t\t<a href=\"https:\/\/pais.edu.py\/es\/alumni-natalia-makucheff\/\" >\n\t\t\t\tAlumni Natalia Makucheff\t\t\t<\/a>\n\t\t<\/h3>\n\t\t\t\t<div class=\"elementor-post__excerpt\">\n\t\t\t<p>Fundador y Director General de Academia Regenerativa \u2013 Asesor en Ganader\u00eda y Agricultura Regenerativa, especializado en Pastoreo Ultradenso Adaptativo y manejo sostenible de recursos.<\/p>\n\t\t<\/div>\n\t\t\n\t\t<a class=\"elementor-post__read-more\" href=\"https:\/\/pais.edu.py\/es\/alumni-natalia-makucheff\/\" aria-label=\"M\u00e1s informaci\u00f3n sobre Alumni Natalia Makucheff\" >\n\t\t\tRead More \u00bb\t\t<\/a>\n\n\t\t\t\t<\/div>\n\t\t\t\t<\/article>\n\t\t\t\t<article class=\"elementor-post elementor-grid-item post-990410 post type-post status-publish format-standard has-post-thumbnail hentry category-alumni\">\n\t\t\t\t<a class=\"elementor-post__thumbnail__link\" href=\"https:\/\/pais.edu.py\/es\/alumni-fabrizio-castorino\/\" >\n\t\t\t<div class=\"elementor-post__thumbnail\"><div class=\"vamtam-shape\"><\/div><img loading=\"lazy\" decoding=\"async\" width=\"768\" height=\"768\" src=\"https:\/\/pais.edu.py\/wp-content\/uploads\/2025\/08\/Fabrizio-Castorino-SY-2008-768x768.jpeg\" class=\"attachment-medium_large size-medium_large wp-image-990396\" alt=\"\" srcset=\"https:\/\/pais.edu.py\/wp-content\/uploads\/2025\/08\/Fabrizio-Castorino-SY-2008-768x768.jpeg 768w, https:\/\/pais.edu.py\/wp-content\/uploads\/2025\/08\/Fabrizio-Castorino-SY-2008-300x300.jpeg 300w, https:\/\/pais.edu.py\/wp-content\/uploads\/2025\/08\/Fabrizio-Castorino-SY-2008-1024x1024.jpeg 1024w, https:\/\/pais.edu.py\/wp-content\/uploads\/2025\/08\/Fabrizio-Castorino-SY-2008-150x150.jpeg 150w, https:\/\/pais.edu.py\/wp-content\/uploads\/2025\/08\/Fabrizio-Castorino-SY-2008-1536x1536.jpeg 1536w, https:\/\/pais.edu.py\/wp-content\/uploads\/2025\/08\/Fabrizio-Castorino-SY-2008.jpeg 1600w\" sizes=\"auto, (max-width: 768px) 100vw, 768px\" \/><\/div>\n\t\t<\/a>\n\t\t\t\t<div class=\"elementor-post__text\">\n\t\t\t\t<h3 class=\"elementor-post__title\">\n\t\t\t<a href=\"https:\/\/pais.edu.py\/es\/alumni-fabrizio-castorino\/\" >\n\t\t\t\tAlumni Fabrizio Castorino\t\t\t<\/a>\n\t\t<\/h3>\n\t\t\t\t<div class=\"elementor-post__excerpt\">\n\t\t\t<p>Fundador y Director General de Academia Regenerativa \u2013 Asesor en Ganader\u00eda y Agricultura Regenerativa, especializado en Pastoreo Ultradenso Adaptativo y manejo sostenible de recursos.<\/p>\n\t\t<\/div>\n\t\t\n\t\t<a class=\"elementor-post__read-more\" href=\"https:\/\/pais.edu.py\/es\/alumni-fabrizio-castorino\/\" aria-label=\"M\u00e1s informaci\u00f3n sobre Alumni Fabrizio Castorino\" >\n\t\t\tRead More \u00bb\t\t<\/a>\n\n\t\t\t\t<\/div>\n\t\t\t\t<\/article>\n\t\t\t\t<\/div>\n\t\t\n\t\t\t\t<\/div>\n\t\t\t\t<\/div>\n\t\t\t\t\t<\/div>\n\t\t<\/div>\n\t\t\t\t\t\t\t<\/div>\n\t\t<\/section>\n\t\t\t\t\t\t\t<\/div>","protected":false},"excerpt":{"rendered":"","protected":false},"author":1,"featured_media":0,"parent":0,"menu_order":0,"comment_status":"closed","ping_status":"closed","template":"","meta":{"footnotes":""},"class_list":["post-990377","page","type-page","status-publish","hentry"],"_links":{"self":[{"href":"https:\/\/pais.edu.py\/es\/wp-json\/wp\/v2\/pages\/990377","targetHints":{"allow":["GET"]}}],"collection":[{"href":"https:\/\/pais.edu.py\/es\/wp-json\/wp\/v2\/pages"}],"about":[{"href":"https:\/\/pais.edu.py\/es\/wp-json\/wp\/v2\/types\/page"}],"author":[{"embeddable":true,"href":"https:\/\/pais.edu.py\/es\/wp-json\/wp\/v2\/users\/1"}],"replies":[{"embeddable":true,"href":"https:\/\/pais.edu.py\/es\/wp-json\/wp\/v2\/comments?post=990377"}],"version-history":[{"count":0,"href":"https:\/\/pais.edu.py\/es\/wp-json\/wp\/v2\/pages\/990377\/revisions"}],"wp:attachment":[{"href":"https:\/\/pais.edu.py\/es\/wp-json\/wp\/v2\/media?parent=990377"}],"curies":[{"name":"wp","href":"https:\/\/api.w.org\/{rel}","templated":true}]}}