{"id":988101,"date":"2023-08-31T14:09:07","date_gmt":"2023-08-31T18:09:07","guid":{"rendered":"https:\/\/pais.edu.py\/site\/?page_id=988101"},"modified":"2025-08-11T11:57:14","modified_gmt":"2025-08-11T14:57:14","slug":"primary","status":"publish","type":"page","link":"https:\/\/pais.edu.py\/es\/primary\/","title":{"rendered":"Primary School"},"content":{"rendered":"<div data-elementor-type=\"wp-page\" data-elementor-id=\"988101\" class=\"elementor elementor-988101\" data-elementor-post-type=\"page\">\n\t\t\t\t\t\t\t\t\t<section class=\"elementor-section elementor-top-section elementor-element elementor-element-d34e87c elementor-section-content-bottom elementor-section-height-min-height elementor-section-items-stretch elementor-section-boxed elementor-section-height-default\" data-id=\"d34e87c\" data-element_type=\"section\" data-settings=\"{&quot;background_background&quot;:&quot;gradient&quot;,&quot;animation&quot;:&quot;none&quot;}\">\n\t\t\t\t\t\t\t<div class=\"elementor-background-overlay\"><\/div>\n\t\t\t\t\t\t\t<div class=\"elementor-container elementor-column-gap-default\">\n\t\t\t\t\t<div class=\"elementor-column elementor-col-100 elementor-top-column elementor-element elementor-element-eec5b7d\" data-id=\"eec5b7d\" data-element_type=\"column\">\n\t\t\t<div class=\"elementor-widget-wrap elementor-element-populated\">\n\t\t\t\t\t\t\t\t\t<\/div>\n\t\t<\/div>\n\t\t\t\t\t\t\t<\/div>\n\t\t<\/section>\n\t\t\t\t<section class=\"elementor-section elementor-top-section elementor-element elementor-element-4a3424c elementor-section-full_width elementor-section-height-default elementor-section-height-default\" data-id=\"4a3424c\" data-element_type=\"section\">\n\t\t\t\t\t\t<div class=\"elementor-container elementor-column-gap-default\">\n\t\t\t\t\t<div class=\"elementor-column elementor-col-100 elementor-top-column elementor-element elementor-element-872931d\" data-id=\"872931d\" data-element_type=\"column\">\n\t\t\t<div class=\"elementor-widget-wrap elementor-element-populated\">\n\t\t\t\t\t\t\t\t<div class=\"elementor-element elementor-element-e1fcbb5 elementor-widget elementor-widget-image\" data-id=\"e1fcbb5\" data-element_type=\"widget\" data-widget_type=\"image.default\">\n\t\t\t\t<div class=\"elementor-widget-container\">\n\t\t\t<style>\/*! elementor - v3.15.0 - 20-08-2023 *\/\n.elementor-widget-image{text-align:center}.elementor-widget-image a{display:inline-block}.elementor-widget-image a img[src$=\".svg\"]{width:48px}.elementor-widget-image img{vertical-align:middle;display:inline-block}<\/style>\t\t\t\t\t\t\t\t\t\t\t\t<img loading=\"lazy\" decoding=\"async\" width=\"1925\" height=\"1080\" src=\"https:\/\/pais.edu.py\/wp-content\/uploads\/2025\/08\/bg-4.jpg\" class=\"attachment-full size-full wp-image-989607\" alt=\"\" srcset=\"https:\/\/pais.edu.py\/wp-content\/uploads\/2025\/08\/bg-4.jpg 1925w, https:\/\/pais.edu.py\/wp-content\/uploads\/2025\/08\/bg-4-300x168.jpg 300w, https:\/\/pais.edu.py\/wp-content\/uploads\/2025\/08\/bg-4-1024x575.jpg 1024w, https:\/\/pais.edu.py\/wp-content\/uploads\/2025\/08\/bg-4-768x431.jpg 768w, https:\/\/pais.edu.py\/wp-content\/uploads\/2025\/08\/bg-4-1536x862.jpg 1536w\" sizes=\"auto, (max-width: 1925px) 100vw, 1925px\" \/>\t\t\t\t\t\t\t\t\t\t\t\t\t\t\t<\/div>\n\t\t\t\t<\/div>\n\t\t\t\t\t<\/div>\n\t\t<\/div>\n\t\t\t\t\t\t\t<\/div>\n\t\t<\/section>\n\t\t\t\t<section class=\"elementor-section elementor-top-section elementor-element elementor-element-6ac299d elementor-section-boxed elementor-section-height-default elementor-section-height-default\" data-id=\"6ac299d\" data-element_type=\"section\" data-settings=\"{&quot;background_background&quot;:&quot;classic&quot;}\">\n\t\t\t\t\t\t<div class=\"elementor-container elementor-column-gap-default\">\n\t\t\t\t\t<div class=\"elementor-column elementor-col-100 elementor-top-column elementor-element elementor-element-e012170\" data-id=\"e012170\" data-element_type=\"column\">\n\t\t\t<div class=\"elementor-widget-wrap elementor-element-populated\">\n\t\t\t\t\t\t\t\t<section class=\"elementor-section elementor-inner-section elementor-element elementor-element-ec9d10f elementor-section-boxed elementor-section-height-default elementor-section-height-default\" data-id=\"ec9d10f\" data-element_type=\"section\" data-settings=\"{&quot;background_background&quot;:&quot;classic&quot;,&quot;background_motion_fx_motion_fx_scrolling&quot;:&quot;yes&quot;,&quot;background_motion_fx_translateX_effect&quot;:&quot;yes&quot;,&quot;background_motion_fx_translateX_speed&quot;:{&quot;unit&quot;:&quot;px&quot;,&quot;size&quot;:10,&quot;sizes&quot;:[]},&quot;background_motion_fx_translateX_affectedRange&quot;:{&quot;unit&quot;:&quot;%&quot;,&quot;size&quot;:&quot;&quot;,&quot;sizes&quot;:{&quot;start&quot;:31,&quot;end&quot;:100}},&quot;background_motion_fx_devices&quot;:[&quot;desktop&quot;],&quot;shape_divider_bottom&quot;:&quot;opacity-tilt&quot;}\">\n\t\t\t\t\t<div class=\"elementor-shape elementor-shape-bottom\" data-negative=\"false\">\n\t\t\t<svg xmlns=\"http:\/\/www.w3.org\/2000\/svg\" viewbox=\"0 0 2600 131.1\" preserveaspectratio=\"none\">\n\t<path class=\"elementor-shape-fill\" d=\"M0 0L2600 0 2600 69.1 0 0z\"\/>\n\t<path class=\"elementor-shape-fill\" style=\"opacity:0.5\" d=\"M0 0L2600 0 2600 69.1 0 69.1z\"\/>\n\t<path class=\"elementor-shape-fill\" style=\"opacity:0.25\" d=\"M2600 0L0 0 0 130.1 2600 69.1z\"\/>\n<\/svg>\t\t<\/div>\n\t\t\t\t\t<div class=\"elementor-container elementor-column-gap-default\">\n\t\t\t\t\t<div class=\"elementor-column elementor-col-50 elementor-inner-column elementor-element elementor-element-4fa801a\" data-id=\"4fa801a\" data-element_type=\"column\">\n\t\t\t<div class=\"elementor-widget-wrap elementor-element-populated\">\n\t\t\t\t\t\t\t\t<div class=\"elementor-element elementor-element-7003e5a elementor-widget elementor-widget-image\" data-id=\"7003e5a\" data-element_type=\"widget\" data-settings=\"{&quot;motion_fx_motion_fx_scrolling&quot;:&quot;yes&quot;,&quot;motion_fx_translateX_effect&quot;:&quot;yes&quot;,&quot;motion_fx_translateX_direction&quot;:&quot;negative&quot;,&quot;motion_fx_translateX_speed&quot;:{&quot;unit&quot;:&quot;px&quot;,&quot;size&quot;:1,&quot;sizes&quot;:[]},&quot;motion_fx_translateX_affectedRange&quot;:{&quot;unit&quot;:&quot;%&quot;,&quot;size&quot;:&quot;&quot;,&quot;sizes&quot;:{&quot;start&quot;:0,&quot;end&quot;:54}},&quot;motion_fx_devices&quot;:[&quot;desktop&quot;]}\" data-widget_type=\"image.default\">\n\t\t\t\t<div class=\"elementor-widget-container\">\n\t\t\t\t\t\t\t\t\t\t\t\t\t\t\t<img loading=\"lazy\" decoding=\"async\" width=\"876\" height=\"1095\" src=\"https:\/\/pais.edu.py\/wp-content\/uploads\/2025\/08\/DSC02696.jpg\" class=\"attachment-full size-full wp-image-990345\" alt=\"\" srcset=\"https:\/\/pais.edu.py\/wp-content\/uploads\/2025\/08\/DSC02696.jpg 876w, https:\/\/pais.edu.py\/wp-content\/uploads\/2025\/08\/DSC02696-240x300.jpg 240w, https:\/\/pais.edu.py\/wp-content\/uploads\/2025\/08\/DSC02696-819x1024.jpg 819w, https:\/\/pais.edu.py\/wp-content\/uploads\/2025\/08\/DSC02696-768x960.jpg 768w\" sizes=\"auto, (max-width: 876px) 100vw, 876px\" \/>\t\t\t\t\t\t\t\t\t\t\t\t\t\t\t<\/div>\n\t\t\t\t<\/div>\n\t\t\t\t\t<\/div>\n\t\t<\/div>\n\t\t\t\t<div class=\"elementor-column elementor-col-50 elementor-inner-column elementor-element elementor-element-69ea2ea\" data-id=\"69ea2ea\" data-element_type=\"column\">\n\t\t\t<div class=\"elementor-widget-wrap elementor-element-populated\">\n\t\t\t\t\t\t\t\t<div class=\"elementor-element elementor-element-854b4b3 elementor-widget elementor-widget-heading\" data-id=\"854b4b3\" data-element_type=\"widget\" data-widget_type=\"heading.default\">\n\t\t\t\t<div class=\"elementor-widget-container\">\n\t\t\t<style>\/*! elementor - v3.15.0 - 20-08-2023 *\/\n.elementor-heading-title{padding:0;margin:0;line-height:1}.elementor-widget-heading .elementor-heading-title[class*=elementor-size-]>a{color:inherit;font-size:inherit;line-height:inherit}.elementor-widget-heading .elementor-heading-title.elementor-size-small{font-size:15px}.elementor-widget-heading .elementor-heading-title.elementor-size-medium{font-size:19px}.elementor-widget-heading .elementor-heading-title.elementor-size-large{font-size:29px}.elementor-widget-heading .elementor-heading-title.elementor-size-xl{font-size:39px}.elementor-widget-heading .elementor-heading-title.elementor-size-xxl{font-size:59px}<\/style><h2 class=\"elementor-heading-title elementor-size-default\">Sobre nuestra Primaria<\/h2>\t\t<\/div>\n\t\t\t\t<\/div>\n\t\t\t\t<div class=\"elementor-element elementor-element-f29b5a3 elementor-widget__width-initial elementor-widget elementor-widget-text-editor\" data-id=\"f29b5a3\" data-element_type=\"widget\" data-widget_type=\"text-editor.default\">\n\t\t\t\t<div class=\"elementor-widget-container\">\n\t\t\t<style>\/*! elementor - v3.15.0 - 20-08-2023 *\/\n.elementor-widget-text-editor.elementor-drop-cap-view-stacked .elementor-drop-cap{background-color:#69727d;color:#fff}.elementor-widget-text-editor.elementor-drop-cap-view-framed .elementor-drop-cap{color:#69727d;border:3px solid;background-color:transparent}.elementor-widget-text-editor:not(.elementor-drop-cap-view-default) .elementor-drop-cap{margin-top:8px}.elementor-widget-text-editor:not(.elementor-drop-cap-view-default) .elementor-drop-cap-letter{width:1em;height:1em}.elementor-widget-text-editor .elementor-drop-cap{float:left;text-align:center;line-height:1;font-size:50px}.elementor-widget-text-editor .elementor-drop-cap-letter{display:inline-block}<\/style>\t\t\t\t<p data-start=\"60\" data-end=\"298\">Nuestra primaria, que abarca los grados 1\u00ba, 2\u00ba y 3\u00ba, tiene como misi\u00f3n brindar un ambiente enriquecedor y estructurado junto con un curr\u00edculo desafiante dise\u00f1ado para estimular el desarrollo cognitivo y fomentar el amor por el aprendizaje en nuestros estudiantes.<\/p><p data-start=\"300\" data-end=\"466\">Nuestro enfoque incorpora una variedad de estrategias para apoyar a los estudiantes en su viaje de aprendizaje, ayud\u00e1ndolos a adquirir las habilidades necesarias para alcanzar su m\u00e1ximo potencial.<\/p>\t\t\t\t\t\t<\/div>\n\t\t\t\t<\/div>\n\t\t\t\t<div class=\"elementor-element elementor-element-07ef423 elementor-invisible elementor-widget elementor-widget-heading\" data-id=\"07ef423\" data-element_type=\"widget\" data-settings=\"{&quot;_animation&quot;:&quot;fadeIn&quot;,&quot;_animation_delay&quot;:200}\" data-widget_type=\"heading.default\">\n\t\t\t\t<div class=\"elementor-widget-container\">\n\t\t\t<h2 class=\"elementor-heading-title elementor-size-default\">\u00c9nfasis<\/h2>\t\t<\/div>\n\t\t\t\t<\/div>\n\t\t\t\t<div class=\"elementor-element elementor-element-37ff46a elementor-widget__width-initial elementor-widget elementor-widget-text-editor\" data-id=\"37ff46a\" data-element_type=\"widget\" data-widget_type=\"text-editor.default\">\n\t\t\t\t<div class=\"elementor-widget-container\">\n\t\t\t\t\t\t\t<p data-start=\"46\" data-end=\"258\">Ponemos gran \u00e9nfasis en establecer en los estudiantes una comprensi\u00f3n b\u00e1sica s\u00f3lida de las matem\u00e1ticas, la lectura y la escritura tanto en ingl\u00e9s como en espa\u00f1ol, junto con una introducci\u00f3n a la literatura y las ciencias.<\/p><p data-start=\"260\" data-end=\"375\">La clase se imparte en un ambiente de respeto mutuo por las diferencias individuales y los diversos estilos de aprendizaje.<\/p>\t\t\t\t\t\t<\/div>\n\t\t\t\t<\/div>\n\t\t\t\t\t<\/div>\n\t\t<\/div>\n\t\t\t\t\t\t\t<\/div>\n\t\t<\/section>\n\t\t\t\t\t<\/div>\n\t\t<\/div>\n\t\t\t\t\t\t\t<\/div>\n\t\t<\/section>\n\t\t\t\t\t\t\t<\/div>","protected":false},"excerpt":{"rendered":"<p>About our Primary School Comprising grades 1, 2, and 3, our Primary School\u2019s mission is to provide a nurturing and structured environment alongside a challenging curriculum designed to stimulate cognitive development and foster a love of learning in our students. Our approach incorporates a variety of strategies to support students in their learning journey, helping&#8230;<\/p>","protected":false},"author":1,"featured_media":0,"parent":0,"menu_order":0,"comment_status":"closed","ping_status":"closed","template":"","meta":{"footnotes":""},"class_list":["post-988101","page","type-page","status-publish","hentry"],"_links":{"self":[{"href":"https:\/\/pais.edu.py\/es\/wp-json\/wp\/v2\/pages\/988101","targetHints":{"allow":["GET"]}}],"collection":[{"href":"https:\/\/pais.edu.py\/es\/wp-json\/wp\/v2\/pages"}],"about":[{"href":"https:\/\/pais.edu.py\/es\/wp-json\/wp\/v2\/types\/page"}],"author":[{"embeddable":true,"href":"https:\/\/pais.edu.py\/es\/wp-json\/wp\/v2\/users\/1"}],"replies":[{"embeddable":true,"href":"https:\/\/pais.edu.py\/es\/wp-json\/wp\/v2\/comments?post=988101"}],"version-history":[{"count":0,"href":"https:\/\/pais.edu.py\/es\/wp-json\/wp\/v2\/pages\/988101\/revisions"}],"wp:attachment":[{"href":"https:\/\/pais.edu.py\/es\/wp-json\/wp\/v2\/media?parent=988101"}],"curies":[{"name":"wp","href":"https:\/\/api.w.org\/{rel}","templated":true}]}}