{"id":593,"date":"2019-12-10T14:02:50","date_gmt":"2019-12-10T14:02:50","guid":{"rendered":"https:\/\/skole.vamtam.com\/?page_id=593"},"modified":"2025-09-18T12:52:03","modified_gmt":"2025-09-18T16:52:03","slug":"about","status":"publish","type":"page","link":"https:\/\/pais.edu.py\/es\/about\/","title":{"rendered":"SOBRE NOSOTROS"},"content":{"rendered":"<div data-elementor-type=\"wp-page\" data-elementor-id=\"593\" class=\"elementor elementor-593\" data-elementor-post-type=\"page\">\n\t\t\t\t\t\t\t\t\t<section class=\"elementor-section elementor-top-section elementor-element elementor-element-3aeedaf2 elementor-section-content-bottom elementor-section-height-min-height elementor-section-items-stretch elementor-section-boxed elementor-section-height-default\" data-id=\"3aeedaf2\" data-element_type=\"section\" data-settings=\"{&quot;background_background&quot;:&quot;gradient&quot;,&quot;animation&quot;:&quot;none&quot;}\">\n\t\t\t\t\t\t\t<div class=\"elementor-background-overlay\"><\/div>\n\t\t\t\t\t\t\t<div class=\"elementor-container elementor-column-gap-default\">\n\t\t\t\t\t<div class=\"elementor-column elementor-col-100 elementor-top-column elementor-element elementor-element-726decd8\" data-id=\"726decd8\" data-element_type=\"column\">\n\t\t\t<div class=\"elementor-widget-wrap elementor-element-populated\">\n\t\t\t\t\t\t\t\t\t<\/div>\n\t\t<\/div>\n\t\t\t\t\t\t\t<\/div>\n\t\t<\/section>\n\t\t\t\t<section class=\"elementor-section elementor-top-section elementor-element elementor-element-45ad618 elementor-section-full_width elementor-section-height-default elementor-section-height-default\" data-id=\"45ad618\" data-element_type=\"section\">\n\t\t\t\t\t\t<div class=\"elementor-container elementor-column-gap-default\">\n\t\t\t\t\t<div class=\"elementor-column elementor-col-100 elementor-top-column elementor-element elementor-element-52e69f3\" data-id=\"52e69f3\" data-element_type=\"column\">\n\t\t\t<div class=\"elementor-widget-wrap elementor-element-populated\">\n\t\t\t\t\t\t\t\t<div class=\"elementor-element elementor-element-b3bae60 elementor-widget elementor-widget-image\" data-id=\"b3bae60\" data-element_type=\"widget\" data-widget_type=\"image.default\">\n\t\t\t\t<div class=\"elementor-widget-container\">\n\t\t\t<style>\/*! elementor - v3.15.0 - 20-08-2023 *\/\n.elementor-widget-image{text-align:center}.elementor-widget-image a{display:inline-block}.elementor-widget-image a img[src$=\".svg\"]{width:48px}.elementor-widget-image img{vertical-align:middle;display:inline-block}<\/style>\t\t\t\t\t\t\t\t\t\t\t\t<img loading=\"lazy\" decoding=\"async\" width=\"2048\" height=\"724\" src=\"https:\/\/pais.edu.py\/wp-content\/uploads\/2025\/08\/Group-134-scaled-e1754671787395-2048x724.jpg\" class=\"attachment-2048x2048 size-2048x2048 wp-image-990000\" alt=\"\" srcset=\"https:\/\/pais.edu.py\/wp-content\/uploads\/2025\/08\/Group-134-scaled-e1754671787395-2048x724.jpg 2048w, https:\/\/pais.edu.py\/wp-content\/uploads\/2025\/08\/Group-134-scaled-e1754671787395-300x106.jpg 300w, https:\/\/pais.edu.py\/wp-content\/uploads\/2025\/08\/Group-134-scaled-e1754671787395-1024x362.jpg 1024w, https:\/\/pais.edu.py\/wp-content\/uploads\/2025\/08\/Group-134-scaled-e1754671787395-768x272.jpg 768w, https:\/\/pais.edu.py\/wp-content\/uploads\/2025\/08\/Group-134-scaled-e1754671787395-1536x543.jpg 1536w\" sizes=\"auto, (max-width: 2048px) 100vw, 2048px\" \/>\t\t\t\t\t\t\t\t\t\t\t\t\t\t\t<\/div>\n\t\t\t\t<\/div>\n\t\t\t\t\t<\/div>\n\t\t<\/div>\n\t\t\t\t\t\t\t<\/div>\n\t\t<\/section>\n\t\t\t\t<section class=\"elementor-section elementor-top-section elementor-element elementor-element-06725d2 elementor-section-boxed elementor-section-height-default elementor-section-height-default\" data-id=\"06725d2\" data-element_type=\"section\">\n\t\t\t\t\t\t<div class=\"elementor-container elementor-column-gap-default\">\n\t\t\t\t\t<div class=\"elementor-column elementor-col-100 elementor-top-column elementor-element elementor-element-e43b1cf\" data-id=\"e43b1cf\" data-element_type=\"column\">\n\t\t\t<div class=\"elementor-widget-wrap elementor-element-populated\">\n\t\t\t\t\t\t\t\t<div class=\"elementor-element elementor-element-59b7f0c elementor-invisible elementor-widget elementor-widget-heading\" data-id=\"59b7f0c\" data-element_type=\"widget\" data-settings=\"{&quot;_animation&quot;:&quot;zoomIn&quot;}\" data-widget_type=\"heading.default\">\n\t\t\t\t<div class=\"elementor-widget-container\">\n\t\t\t<style>\/*! elementor - v3.15.0 - 20-08-2023 *\/\n.elementor-heading-title{padding:0;margin:0;line-height:1}.elementor-widget-heading .elementor-heading-title[class*=elementor-size-]>a{color:inherit;font-size:inherit;line-height:inherit}.elementor-widget-heading .elementor-heading-title.elementor-size-small{font-size:15px}.elementor-widget-heading .elementor-heading-title.elementor-size-medium{font-size:19px}.elementor-widget-heading .elementor-heading-title.elementor-size-large{font-size:29px}.elementor-widget-heading .elementor-heading-title.elementor-size-xl{font-size:39px}.elementor-widget-heading .elementor-heading-title.elementor-size-xxl{font-size:59px}<\/style><h2 class=\"elementor-heading-title elementor-size-default\">SCHOOL YEAR 2024-2025<\/h2>\t\t<\/div>\n\t\t\t\t<\/div>\n\t\t\t\t\t<\/div>\n\t\t<\/div>\n\t\t\t\t\t\t\t<\/div>\n\t\t<\/section>\n\t\t\t\t<section class=\"elementor-section elementor-top-section elementor-element elementor-element-586faf5 elementor-section-boxed elementor-section-height-default elementor-section-height-default\" data-id=\"586faf5\" data-element_type=\"section\">\n\t\t\t\t\t\t<div class=\"elementor-container elementor-column-gap-default\">\n\t\t\t\t\t<div class=\"elementor-column elementor-col-100 elementor-top-column elementor-element elementor-element-13037c3\" data-id=\"13037c3\" data-element_type=\"column\">\n\t\t\t<div class=\"elementor-widget-wrap elementor-element-populated\">\n\t\t\t\t\t\t\t\t<div class=\"elementor-element elementor-element-20c7118 elementor-invisible elementor-widget elementor-widget-heading\" data-id=\"20c7118\" data-element_type=\"widget\" data-settings=\"{&quot;_animation&quot;:&quot;fadeIn&quot;,&quot;_animation_delay&quot;:200}\" data-widget_type=\"heading.default\">\n\t\t\t\t<div class=\"elementor-widget-container\">\n\t\t\t<h2 class=\"elementor-heading-title elementor-size-default\">NUESTRA HISTORIA<\/h2>\t\t<\/div>\n\t\t\t\t<\/div>\n\t\t\t\t<div class=\"elementor-element elementor-element-f9549ff elementor-widget elementor-widget-text-editor\" data-id=\"f9549ff\" data-element_type=\"widget\" data-widget_type=\"text-editor.default\">\n\t\t\t\t<div class=\"elementor-widget-container\">\n\t\t\t<style>\/*! elementor - v3.15.0 - 20-08-2023 *\/\n.elementor-widget-text-editor.elementor-drop-cap-view-stacked .elementor-drop-cap{background-color:#69727d;color:#fff}.elementor-widget-text-editor.elementor-drop-cap-view-framed .elementor-drop-cap{color:#69727d;border:3px solid;background-color:transparent}.elementor-widget-text-editor:not(.elementor-drop-cap-view-default) .elementor-drop-cap{margin-top:8px}.elementor-widget-text-editor:not(.elementor-drop-cap-view-default) .elementor-drop-cap-letter{width:1em;height:1em}.elementor-widget-text-editor .elementor-drop-cap{float:left;text-align:center;line-height:1;font-size:50px}.elementor-widget-text-editor .elementor-drop-cap-letter{display:inline-block}<\/style>\t\t\t\t<p data-start=\"960\" data-end=\"1140\">Founded in 1993, the <strong>Pan American International School<\/strong> is a private, co-educational, non-sectarian day school, legally registered as a non-profit foundation under Paraguayan law.<\/p><p data-start=\"1142\" data-end=\"1677\">PAIS serves students from <strong>Kinder 3 through Grade 12<\/strong>, offering a curriculum taught in English and aligned with international standards. In addition, Spanish-language courses are available for students who wish to fulfill the requirements of the Paraguayan Ministry of Education and Culture for admission to local universities. Beyond academics, PAIS promotes civic engagement by providing opportunities for students to understand the democratic process and to develop the values necessary to make responsible and ethical life choices.<\/p>\t\t\t\t\t\t<\/div>\n\t\t\t\t<\/div>\n\t\t\t\t\t<\/div>\n\t\t<\/div>\n\t\t\t\t\t\t\t<\/div>\n\t\t<\/section>\n\t\t\t\t<section class=\"elementor-section elementor-top-section elementor-element elementor-element-04af92e elementor-section-boxed elementor-section-height-default elementor-section-height-default\" data-id=\"04af92e\" data-element_type=\"section\" data-settings=\"{&quot;background_background&quot;:&quot;classic&quot;,&quot;background_motion_fx_motion_fx_scrolling&quot;:&quot;yes&quot;,&quot;background_motion_fx_scale_effect&quot;:&quot;yes&quot;,&quot;background_motion_fx_scale_direction&quot;:&quot;in-out&quot;,&quot;background_motion_fx_scale_range&quot;:{&quot;unit&quot;:&quot;%&quot;,&quot;size&quot;:&quot;&quot;,&quot;sizes&quot;:{&quot;start&quot;:0,&quot;end&quot;:94}},&quot;shape_divider_top&quot;:&quot;arrow&quot;,&quot;background_motion_fx_translateY_effect&quot;:&quot;yes&quot;,&quot;background_motion_fx_translateY_direction&quot;:&quot;negative&quot;,&quot;background_motion_fx_translateY_speed&quot;:{&quot;unit&quot;:&quot;px&quot;,&quot;size&quot;:2,&quot;sizes&quot;:[]},&quot;background_motion_fx_opacity_effect&quot;:&quot;yes&quot;,&quot;background_motion_fx_scale_speed&quot;:{&quot;unit&quot;:&quot;px&quot;,&quot;size&quot;:2,&quot;sizes&quot;:[]},&quot;background_motion_fx_range&quot;:&quot;page&quot;,&quot;background_motion_fx_translateY_affectedRange&quot;:{&quot;unit&quot;:&quot;%&quot;,&quot;size&quot;:&quot;&quot;,&quot;sizes&quot;:{&quot;start&quot;:0,&quot;end&quot;:100}},&quot;background_motion_fx_opacity_direction&quot;:&quot;out-in&quot;,&quot;background_motion_fx_opacity_level&quot;:{&quot;unit&quot;:&quot;px&quot;,&quot;size&quot;:10,&quot;sizes&quot;:[]},&quot;background_motion_fx_opacity_range&quot;:{&quot;unit&quot;:&quot;%&quot;,&quot;size&quot;:&quot;&quot;,&quot;sizes&quot;:{&quot;start&quot;:20,&quot;end&quot;:80}},&quot;background_motion_fx_devices&quot;:[&quot;desktop&quot;,&quot;tablet&quot;,&quot;mobile&quot;]}\">\n\t\t\t\t\t\t\t<div class=\"elementor-background-overlay\"><\/div>\n\t\t\t\t\t\t<div class=\"elementor-shape elementor-shape-top\" data-negative=\"false\">\n\t\t\t<svg xmlns=\"http:\/\/www.w3.org\/2000\/svg\" viewbox=\"0 0 700 10\" preserveaspectratio=\"none\">\n\t<path class=\"elementor-shape-fill\" d=\"M350,10L340,0h20L350,10z\"\/>\n<\/svg>\t\t<\/div>\n\t\t\t\t\t<div class=\"elementor-container elementor-column-gap-default\">\n\t\t\t\t\t<div class=\"elementor-column elementor-col-50 elementor-top-column elementor-element elementor-element-40741f9\" data-id=\"40741f9\" data-element_type=\"column\" data-settings=\"{&quot;background_background&quot;:&quot;classic&quot;}\">\n\t\t\t<div class=\"elementor-widget-wrap elementor-element-populated\">\n\t\t\t\t\t\t\t\t<div class=\"elementor-element elementor-element-467ae89 elementor-invisible elementor-widget elementor-widget-heading\" data-id=\"467ae89\" data-element_type=\"widget\" data-settings=\"{&quot;_animation&quot;:&quot;fadeIn&quot;,&quot;_animation_delay&quot;:200}\" data-widget_type=\"heading.default\">\n\t\t\t\t<div class=\"elementor-widget-container\">\n\t\t\t<h2 class=\"elementor-heading-title elementor-size-default\">NUESTRA FILOSOF\u00cdA<\/h2>\t\t<\/div>\n\t\t\t\t<\/div>\n\t\t\t\t<div class=\"elementor-element elementor-element-91d3578 elementor-widget elementor-widget-text-editor\" data-id=\"91d3578\" data-element_type=\"widget\" data-widget_type=\"text-editor.default\">\n\t\t\t\t<div class=\"elementor-widget-container\">\n\t\t\t\t\t\t\t<p data-start=\"73\" data-end=\"416\" class=\"translation-block\"><strong data-start=\"73\" data-end=\"114\">Pan American International School<\/strong> cree y promueve una base s\u00f3lida para el logro acad\u00e9mico, fomentando el pensamiento cr\u00edtico y el desarrollo de la responsabilidad y la autodirecci\u00f3n.\nCreemos que el Pan American International School tiene una oportunidad \u00fanica de impulsar el crecimiento de los futuros ciudadanos globales.<\/p><p data-start=\"418\" data-end=\"654\">Por ello, nos esforzamos en brindar una experiencia educativa integral que logre un equilibrio entre las ciencias y las humanidades, en el marco de la identidad nacional de cada estudiante y, a su vez, de su ciudadan\u00eda internacional.<\/p><p data-start=\"656\" data-end=\"811\">Estamos convencidos de que, para formar ciudadanos informados y reflexivos que puedan participar plenamente tanto en sus comunidades nacionales como en los asuntos globales, debemos:<\/p>\t\t\t\t\t\t<\/div>\n\t\t\t\t<\/div>\n\t\t\t\t<div class=\"elementor-element elementor-element-82c42ad elementor-align-left elementor-list-item-link-full_width elementor-widget elementor-widget-icon-list\" data-id=\"82c42ad\" data-element_type=\"widget\" data-widget_type=\"icon-list.default\">\n\t\t\t\t<div class=\"elementor-widget-container\">\n\t\t\t<link rel=\"stylesheet\" href=\"https:\/\/pais.edu.py\/wp-content\/plugins\/elementor\/assets\/css\/widget-icon-list.min.css\">\t\t<ul class=\"elementor-icon-list-items\">\n\t\t\t\t\t\t\t<li class=\"elementor-icon-list-item\">\n\t\t\t\t\t\t\t\t\t\t\t<span class=\"elementor-icon-list-icon\">\n\t\t\t\t\t\t\t<i aria-hidden=\"true\" class=\"fas fa-check-circle\"><\/i>\t\t\t\t\t\t<\/span>\n\t\t\t\t\t\t\t\t\t\t<span class=\"elementor-icon-list-text\">Establecer un entorno que promueva los m\u00e1s altos est\u00e1ndares educativos.<\/span>\n\t\t\t\t\t\t\t\t\t<\/li>\n\t\t\t\t\t\t\t\t<li class=\"elementor-icon-list-item\">\n\t\t\t\t\t\t\t\t\t\t\t<span class=\"elementor-icon-list-icon\">\n\t\t\t\t\t\t\t<i aria-hidden=\"true\" class=\"fas fa-check-circle\"><\/i>\t\t\t\t\t\t<\/span>\n\t\t\t\t\t\t\t\t\t\t<span class=\"elementor-icon-list-text\">Fomentar las habilidades, conocimientos y actitudes necesarias para el desarrollo integral y continuo de la persona.<\/span>\n\t\t\t\t\t\t\t\t\t<\/li>\n\t\t\t\t\t\t\t\t<li class=\"elementor-icon-list-item\">\n\t\t\t\t\t\t\t\t\t\t\t<span class=\"elementor-icon-list-icon\">\n\t\t\t\t\t\t\t<i aria-hidden=\"true\" class=\"fas fa-check-circle\"><\/i>\t\t\t\t\t\t<\/span>\n\t\t\t\t\t\t\t\t\t\t<span class=\"elementor-icon-list-text\">Preparar a los estudiantes para adaptarse y desenvolverse ante las complejidades y desaf\u00edos de un mundo cada vez m\u00e1s interdependiente y cambiante.<\/span>\n\t\t\t\t\t\t\t\t\t<\/li>\n\t\t\t\t\t\t\t\t<li class=\"elementor-icon-list-item\">\n\t\t\t\t\t\t\t\t\t\t\t<span class=\"elementor-icon-list-icon\">\n\t\t\t\t\t\t\t<i aria-hidden=\"true\" class=\"fas fa-check-circle\"><\/i>\t\t\t\t\t\t<\/span>\n\t\t\t\t\t\t\t\t\t\t<span class=\"elementor-icon-list-text\">Promover la conciencia de los derechos, deberes y responsabilidades de la ciudadan\u00eda, as\u00ed como el respeto por otras culturas y nacionalidades.<\/span>\n\t\t\t\t\t\t\t\t\t<\/li>\n\t\t\t\t\t\t<\/ul>\n\t\t\t\t<\/div>\n\t\t\t\t<\/div>\n\t\t\t\t\t<\/div>\n\t\t<\/div>\n\t\t\t\t<div class=\"elementor-column elementor-col-50 elementor-top-column elementor-element elementor-element-8921ab9\" data-id=\"8921ab9\" data-element_type=\"column\" data-settings=\"{&quot;background_background&quot;:&quot;classic&quot;}\">\n\t\t\t<div class=\"elementor-widget-wrap elementor-element-populated\">\n\t\t\t\t\t\t\t\t<div class=\"elementor-element elementor-element-2c74bbb elementor-widget__width-initial elementor-widget elementor-widget-image\" data-id=\"2c74bbb\" data-element_type=\"widget\" data-settings=\"{&quot;motion_fx_translateY_effect&quot;:&quot;yes&quot;,&quot;motion_fx_motion_fx_scrolling&quot;:&quot;yes&quot;,&quot;motion_fx_devices&quot;:[&quot;desktop&quot;],&quot;motion_fx_range&quot;:&quot;page&quot;,&quot;motion_fx_translateY_speed&quot;:{&quot;unit&quot;:&quot;px&quot;,&quot;size&quot;:4,&quot;sizes&quot;:[]},&quot;motion_fx_translateY_affectedRange&quot;:{&quot;unit&quot;:&quot;%&quot;,&quot;size&quot;:&quot;&quot;,&quot;sizes&quot;:{&quot;start&quot;:0,&quot;end&quot;:100}}}\" data-widget_type=\"image.default\">\n\t\t\t\t<div class=\"elementor-widget-container\">\n\t\t\t\t\t\t\t\t\t\t\t\t\t\t\t<img loading=\"lazy\" decoding=\"async\" width=\"1000\" height=\"1500\" src=\"https:\/\/pais.edu.py\/wp-content\/uploads\/2025\/07\/img_01.webp\" class=\"attachment-full size-full wp-image-989177\" alt=\"\" srcset=\"https:\/\/pais.edu.py\/wp-content\/uploads\/2025\/07\/img_01.webp 1000w, https:\/\/pais.edu.py\/wp-content\/uploads\/2025\/07\/img_01-200x300.webp 200w, https:\/\/pais.edu.py\/wp-content\/uploads\/2025\/07\/img_01-683x1024.webp 683w, https:\/\/pais.edu.py\/wp-content\/uploads\/2025\/07\/img_01-768x1152.webp 768w\" sizes=\"auto, (max-width: 1000px) 100vw, 1000px\" \/>\t\t\t\t\t\t\t\t\t\t\t\t\t\t\t<\/div>\n\t\t\t\t<\/div>\n\t\t\t\t\t<\/div>\n\t\t<\/div>\n\t\t\t\t\t\t\t<\/div>\n\t\t<\/section>\n\t\t\t\t<section class=\"elementor-section elementor-top-section elementor-element elementor-element-3e40483 elementor-section-boxed elementor-section-height-default elementor-section-height-default\" data-id=\"3e40483\" data-element_type=\"section\">\n\t\t\t\t\t\t<div class=\"elementor-container elementor-column-gap-default\">\n\t\t\t\t\t<div class=\"elementor-column elementor-col-50 elementor-top-column elementor-element elementor-element-27f0321\" data-id=\"27f0321\" data-element_type=\"column\">\n\t\t\t<div class=\"elementor-widget-wrap elementor-element-populated\">\n\t\t\t\t\t\t\t\t<div class=\"elementor-element elementor-element-b831927 elementor-invisible elementor-widget elementor-widget-heading\" data-id=\"b831927\" data-element_type=\"widget\" data-settings=\"{&quot;_animation&quot;:&quot;fadeIn&quot;,&quot;_animation_delay&quot;:200}\" data-widget_type=\"heading.default\">\n\t\t\t\t<div class=\"elementor-widget-container\">\n\t\t\t<h2 class=\"elementor-heading-title elementor-size-default\">NUESTRA VISI\u00d3N<\/h2>\t\t<\/div>\n\t\t\t\t<\/div>\n\t\t\t\t<div class=\"elementor-element elementor-element-f5861b7 elementor-widget elementor-widget-text-editor\" data-id=\"f5861b7\" data-element_type=\"widget\" data-widget_type=\"text-editor.default\">\n\t\t\t\t<div class=\"elementor-widget-container\">\n\t\t\t\t\t\t\t<p data-start=\"77\" data-end=\"1304\">If children live with criticism, they learn to condemn.<br data-start=\"132\" data-end=\"135\" \/>If children live with hostility, they learn to fight.<br data-start=\"188\" data-end=\"191\" \/>If children live with fear, they learn to be apprehensive.<br data-start=\"249\" data-end=\"252\" \/>If children live with pity, they learn to feel sorry for themselves.<br data-start=\"320\" data-end=\"323\" \/>If children live with ridicule, they learn to feel shy.<br data-start=\"378\" data-end=\"381\" \/>If children live with jealousy, they learn to feel envy.<br data-start=\"437\" data-end=\"440\" \/>If children live with shame, they learn to feel guilty.<br data-start=\"495\" data-end=\"498\" \/>If children live with encouragement, they learn confidence.<br data-start=\"557\" data-end=\"560\" \/>If children live with tolerance, they learn patience.<br data-start=\"613\" data-end=\"616\" \/>If children live with praise, they learn appreciation.<br data-start=\"670\" data-end=\"673\" \/>If children live with acceptance, they learn to love.<br data-start=\"726\" data-end=\"729\" \/>If children live with approval, they learn to like themselves.<br data-start=\"791\" data-end=\"794\" \/>If children live with recognition, they learn the value of having a goal.<br data-start=\"867\" data-end=\"870\" \/>If children live with sharing, they learn generosity.<br data-start=\"923\" data-end=\"926\" \/>If children live with honesty, they learn truthfulness.<br data-start=\"981\" data-end=\"984\" \/>If children live with fairness, they learn justice.<br data-start=\"1035\" data-end=\"1038\" \/>If children live with kindness and consideration, they learn respect.<br data-start=\"1107\" data-end=\"1110\" \/>If children live with security, they learn to have faith in themselves and in those around them.<br data-start=\"1206\" data-end=\"1209\" \/>If children live with friendliness, they learn that the world is a good place in which to live.<\/p><p data-start=\"77\" data-end=\"1304\"><em>&#8220;Children Learn What They Live&#8221; was written by Dorothy Law Nolte<\/em><\/p>\t\t\t\t\t\t<\/div>\n\t\t\t\t<\/div>\n\t\t\t\t\t<\/div>\n\t\t<\/div>\n\t\t\t\t<div class=\"elementor-column elementor-col-50 elementor-top-column elementor-element elementor-element-8655599\" data-id=\"8655599\" data-element_type=\"column\">\n\t\t\t<div class=\"elementor-widget-wrap elementor-element-populated\">\n\t\t\t\t\t\t\t\t<div class=\"elementor-element elementor-element-ac88ed4 elementor-invisible elementor-widget elementor-widget-heading\" data-id=\"ac88ed4\" data-element_type=\"widget\" data-settings=\"{&quot;_animation&quot;:&quot;fadeIn&quot;,&quot;_animation_delay&quot;:200}\" data-widget_type=\"heading.default\">\n\t\t\t\t<div class=\"elementor-widget-container\">\n\t\t\t<h2 class=\"elementor-heading-title elementor-size-default\">NUESTRA MISI\u00d3N<\/h2>\t\t<\/div>\n\t\t\t\t<\/div>\n\t\t\t\t<div class=\"elementor-element elementor-element-20b3bc0 elementor-widget__width-initial elementor-widget elementor-widget-text-editor\" data-id=\"20b3bc0\" data-element_type=\"widget\" data-widget_type=\"text-editor.default\">\n\t\t\t\t<div class=\"elementor-widget-container\">\n\t\t\t\t\t\t\t<p data-start=\"36\" data-end=\"711\" class=\"translation-block\"><strong>PAIS <\/strong> tiene como objetivo brindar una excelente oportunidad educativa basada en un curr\u00edculo estadounidense, principalmente para la comunidad paraguaya e internacional, sin distinci\u00f3n de raza, nacionalidad o credo.\n\n<strong>PAIS <\/strong> ofrece un programa de estudios dise\u00f1ado para preparar a los estudiantes para tener \u00e9xito en el sistema universitario. Reconociendo la naturaleza transitoria de algunos alumnos, el curr\u00edculo est\u00e1 estructurado para permitir la transferencia entre <strong>PAIS <\/strong> y otras escuelas internacionales de los Estados Unidos y de Paraguay, siempre que los requisitos de equivalencia se alineen con los est\u00e1ndares del curr\u00edculo estadounidense.\n\n<strong>PAIS<\/strong> se esfuerza por ofrecer un programa que no solo mantenga, sino que tambi\u00e9n se enriquezca de la diversidad internacional de su comunidad.<\/p><p data-start=\"713\" data-end=\"1006\" class=\"translation-block\"><strong>PAIS <\/strong> est\u00e1 comprometida con el desarrollo integral del individuo y se dedica a fomentar el crecimiento intelectual, social, emocional y f\u00edsico de los estudiantes, prepar\u00e1ndolos para convertirse en ciudadanos responsables y miembros productivos de la sociedad.\n\n<strong>PAIS cree que un ni\u00f1o aprende lo que vive.<\/strong><\/p><blockquote><p data-start=\"1008\" data-end=\"1066\"><span style=\"color: #ff0000;\"><strong>Estamos orgullosos de tener estudiantes de 27 pa\u00edses diferentes.<\/strong><\/span><\/p><\/blockquote>\t\t\t\t\t\t<\/div>\n\t\t\t\t<\/div>\n\t\t\t\t\t<\/div>\n\t\t<\/div>\n\t\t\t\t\t\t\t<\/div>\n\t\t<\/section>\n\t\t\t\t\t\t\t<\/div>","protected":false},"excerpt":{"rendered":"<p>SCHOOL YEAR 2024-2025 OUR HISTORY Founded in 1993, the Pan American International School is a private, co-educational, non-sectarian day school, legally registered as a non-profit foundation under Paraguayan law. PAIS serves students from Kinder 3 through Grade 12, offering a curriculum taught in English and aligned with international standards. In addition, Spanish-language courses are available&#8230;<\/p>","protected":false},"author":1,"featured_media":0,"parent":0,"menu_order":0,"comment_status":"closed","ping_status":"closed","template":"","meta":{"footnotes":""},"class_list":["post-593","page","type-page","status-publish","hentry"],"_links":{"self":[{"href":"https:\/\/pais.edu.py\/es\/wp-json\/wp\/v2\/pages\/593","targetHints":{"allow":["GET"]}}],"collection":[{"href":"https:\/\/pais.edu.py\/es\/wp-json\/wp\/v2\/pages"}],"about":[{"href":"https:\/\/pais.edu.py\/es\/wp-json\/wp\/v2\/types\/page"}],"author":[{"embeddable":true,"href":"https:\/\/pais.edu.py\/es\/wp-json\/wp\/v2\/users\/1"}],"replies":[{"embeddable":true,"href":"https:\/\/pais.edu.py\/es\/wp-json\/wp\/v2\/comments?post=593"}],"version-history":[{"count":0,"href":"https:\/\/pais.edu.py\/es\/wp-json\/wp\/v2\/pages\/593\/revisions"}],"wp:attachment":[{"href":"https:\/\/pais.edu.py\/es\/wp-json\/wp\/v2\/media?parent=593"}],"curies":[{"name":"wp","href":"https:\/\/api.w.org\/{rel}","templated":true}]}}